{"id":2,"date":"2009-10-17T21:07:26","date_gmt":"2009-10-17T19:07:26","guid":{"rendered":"http:\/\/klondike.xiscosoft.es\/acu\/?page_id=2"},"modified":"2009-10-18T04:35:33","modified_gmt":"2009-10-18T02:35:33","slug":"acerca-de","status":"publish","type":"page","link":"https:\/\/klondike.es\/acu\/acerca-de\/","title":{"rendered":"Acerca de"},"content":{"rendered":"<p>Hola, me llamo klondike y estoy preparando mi plan de conquista mundial, parte del cual implica a este c\u00f3mic.<\/p>\n<p>Este c\u00f3mic b\u00e1sicamente cuenta la historia de ACU (aka Actor de Casos de Uso) y los abusos que ejerce sobre el &#8220;El Profesor&#8221; para justificar ante su clase las razones por las que deben seguir sus consejos.<\/p>\n<p>A decir verdad, la idea de este c\u00f3mic es mayormente el humor absurdo y negro (cual sobaco de grillo ba\u00f1\u00e1ndose en un pozo de petr\u00f3leo en mitad de una noche sin luna para ser m\u00e1s exactos).<\/p>\n<p>En fin, espero que disfrut\u00e9is de \u00e9l.<\/p>\n","protected":false},"excerpt":{"rendered":"<p>Hola, me llamo klondike y estoy preparando mi plan de conquista mundial, parte del cual implica a este c\u00f3mic. Este c\u00f3mic b\u00e1sicamente cuenta la historia de ACU (aka Actor de Casos de Uso) y los abusos que ejerce sobre el &#8220;El Profesor&#8221; para justificar ante su clase las razones por las que deben seguir sus [&hellip;]<\/p>\n","protected":false},"author":1,"featured_media":0,"parent":0,"menu_order":0,"comment_status":"open","ping_status":"open","template":"","meta":{"footnotes":""},"class_list":["post-2","page","type-page","status-publish","hentry"],"_links":{"self":[{"href":"https:\/\/klondike.es\/acu\/wp-json\/wp\/v2\/pages\/2","targetHints":{"allow":["GET"]}}],"collection":[{"href":"https:\/\/klondike.es\/acu\/wp-json\/wp\/v2\/pages"}],"about":[{"href":"https:\/\/klondike.es\/acu\/wp-json\/wp\/v2\/types\/page"}],"author":[{"embeddable":true,"href":"https:\/\/klondike.es\/acu\/wp-json\/wp\/v2\/users\/1"}],"replies":[{"embeddable":true,"href":"https:\/\/klondike.es\/acu\/wp-json\/wp\/v2\/comments?post=2"}],"version-history":[{"count":2,"href":"https:\/\/klondike.es\/acu\/wp-json\/wp\/v2\/pages\/2\/revisions"}],"predecessor-version":[{"id":28,"href":"https:\/\/klondike.es\/acu\/wp-json\/wp\/v2\/pages\/2\/revisions\/28"}],"wp:attachment":[{"href":"https:\/\/klondike.es\/acu\/wp-json\/wp\/v2\/media?parent=2"}],"curies":[{"name":"wp","href":"https:\/\/api.w.org\/{rel}","templated":true}]}}